{"id":863,"date":"2025-05-20T10:41:10","date_gmt":"2025-05-20T08:41:10","guid":{"rendered":"https:\/\/jumi-energie.fr\/?page_id=863"},"modified":"2025-05-20T11:09:51","modified_gmt":"2025-05-20T09:09:51","slug":"seance-collective","status":"publish","type":"page","link":"https:\/\/jumi-energie.fr\/index.php\/seance-collective\/","title":{"rendered":"S\u00e9ance collective"},"content":{"rendered":"\t\t<div data-elementor-type=\"wp-page\" data-elementor-id=\"863\" class=\"elementor elementor-863\">\n\t\t\t\t\t\t\t\t\t<section class=\"elementor-section elementor-top-section elementor-element elementor-element-0af51b4 elementor-section-boxed elementor-section-height-default elementor-section-height-default\" data-id=\"0af51b4\" data-element_type=\"section\">\n\t\t\t\t\t\t<div class=\"elementor-container elementor-column-gap-default\">\n\t\t\t\t\t<div class=\"elementor-column elementor-col-100 elementor-top-column elementor-element elementor-element-afb1572\" data-id=\"afb1572\" data-element_type=\"column\">\n\t\t\t<div class=\"elementor-widget-wrap elementor-element-populated\">\n\t\t\t\t\t\t\t\t<div class=\"elementor-element elementor-element-1989157 elementor-widget elementor-widget-text-editor\" data-id=\"1989157\" data-element_type=\"widget\" data-widget_type=\"text-editor.default\">\n\t\t\t\t<div class=\"elementor-widget-container\">\n\t\t\t<style>\/*! elementor - v3.10.1 - 17-01-2023 *\/\n.elementor-widget-text-editor.elementor-drop-cap-view-stacked .elementor-drop-cap{background-color:#818a91;color:#fff}.elementor-widget-text-editor.elementor-drop-cap-view-framed .elementor-drop-cap{color:#818a91;border:3px solid;background-color:transparent}.elementor-widget-text-editor:not(.elementor-drop-cap-view-default) .elementor-drop-cap{margin-top:8px}.elementor-widget-text-editor:not(.elementor-drop-cap-view-default) .elementor-drop-cap-letter{width:1em;height:1em}.elementor-widget-text-editor .elementor-drop-cap{float:left;text-align:center;line-height:1;font-size:50px}.elementor-widget-text-editor .elementor-drop-cap-letter{display:inline-block}<\/style>\t\t\t\t<p>\u00a0<\/p><p>\u00a0Les s\u00e9ances de groupe sont un tr\u00e8s bon moyen de cumuler l&rsquo;\u00e9nergie du collectif et l&rsquo;individualit\u00e9 de chaque participant.\u00a0<\/p><p>\u00a0Ces ateliers peuvent se composer d&rsquo;un ou plusieurs temps selon la dur\u00e9e mise en place (1h, 1h30 ou 2h) et les besoins du groupe :<\/p><p>\u00a0 \u00a0 &#8211; Se reconnecter \u00e0 son corps (mise en mouvement, auto massage, respiration&#8230;)<\/p><p>\u00a0 \u00a0 &#8211; L\u00e2cher ses \u00e9motions (exercices de l\u00e2cher prise, visualisation, travail de la voix&#8230;)<\/p><p>\u00a0 \u00a0 &#8211; La relaxation guid\u00e9e ou la relaxation avec les bols tib\u00e9tains et autres instruments\u00a0<\/p><p>\u00a0 \u00a0 &#8211; Harmonisation des \u00e9nergies propres \u00e0 chacun (exercices de ressenti, harmonisation du circuit \u00e9nerg\u00e9tique&#8230;)<\/p><p>\u00a0Pour tout public : enfants, adolescents, adultes, s\u00e9niors, aidants, personnes en situation de handicap.<\/p><p>\u00a0Pour tout secteur : salari\u00e9s en entreprise, associations, groupe priv\u00e9 en retraite spirituelle (yoga, je\u00fbne, m\u00e9ditative), association\u00a0 \u00a0sportive (r\u00e9cup\u00e9ration apr\u00e8s effort, concentration avant \u00e9preuves).<\/p><p>\u00a0J&rsquo;adapte les s\u00e9ances en fonction des demandes, envies et besoins. Me demander pour un programme personnalis\u00e9 et un devis.<\/p><p>\u00a0<\/p>\t\t\t\t\t\t<\/div>\n\t\t\t\t<\/div>\n\t\t\t\t\t<\/div>\n\t\t<\/div>\n\t\t\t\t\t\t\t<\/div>\n\t\t<\/section>\n\t\t\t\t<section class=\"elementor-section elementor-top-section elementor-element elementor-element-f83e8d5 elementor-section-boxed elementor-section-height-default elementor-section-height-default\" data-id=\"f83e8d5\" data-element_type=\"section\">\n\t\t\t\t\t\t<div class=\"elementor-container elementor-column-gap-default\">\n\t\t\t\t\t<div class=\"elementor-column elementor-col-100 elementor-top-column elementor-element elementor-element-59f9e8b\" data-id=\"59f9e8b\" data-element_type=\"column\">\n\t\t\t<div class=\"elementor-widget-wrap elementor-element-populated\">\n\t\t\t\t\t\t\t\t<div class=\"elementor-element elementor-element-6a0d4df elementor-widget elementor-widget-spacer\" data-id=\"6a0d4df\" data-element_type=\"widget\" data-widget_type=\"spacer.default\">\n\t\t\t\t<div class=\"elementor-widget-container\">\n\t\t\t<style>\/*! elementor - v3.10.1 - 17-01-2023 *\/\n.elementor-column .elementor-spacer-inner{height:var(--spacer-size)}.e-con{--container-widget-width:100%}.e-con-inner>.elementor-widget-spacer,.e-con>.elementor-widget-spacer{width:var(--container-widget-width,var(--spacer-size));--align-self:var(--container-widget-align-self,initial);--flex-shrink:0}.e-con-inner>.elementor-widget-spacer>.elementor-widget-container,.e-con-inner>.elementor-widget-spacer>.elementor-widget-container>.elementor-spacer,.e-con>.elementor-widget-spacer>.elementor-widget-container,.e-con>.elementor-widget-spacer>.elementor-widget-container>.elementor-spacer{height:100%}.e-con-inner>.elementor-widget-spacer>.elementor-widget-container>.elementor-spacer>.elementor-spacer-inner,.e-con>.elementor-widget-spacer>.elementor-widget-container>.elementor-spacer>.elementor-spacer-inner{height:var(--container-widget-height,var(--spacer-size))}<\/style>\t\t<div class=\"elementor-spacer\">\n\t\t\t<div class=\"elementor-spacer-inner\"><\/div>\n\t\t<\/div>\n\t\t\t\t<\/div>\n\t\t\t\t<\/div>\n\t\t\t\t<div class=\"elementor-element elementor-element-fb9f205 e-transform elementor-widget elementor-widget-image\" data-id=\"fb9f205\" data-element_type=\"widget\" data-settings=\"{&quot;_transform_scale_effect&quot;:{&quot;unit&quot;:&quot;px&quot;,&quot;size&quot;:1,&quot;sizes&quot;:[]},&quot;_transform_scale_effect_tablet&quot;:{&quot;unit&quot;:&quot;px&quot;,&quot;size&quot;:&quot;&quot;,&quot;sizes&quot;:[]},&quot;_transform_scale_effect_mobile&quot;:{&quot;unit&quot;:&quot;px&quot;,&quot;size&quot;:&quot;&quot;,&quot;sizes&quot;:[]}}\" data-widget_type=\"image.default\">\n\t\t\t\t<div class=\"elementor-widget-container\">\n\t\t\t<style>\/*! elementor - v3.10.1 - 17-01-2023 *\/\n.elementor-widget-image{text-align:center}.elementor-widget-image a{display:inline-block}.elementor-widget-image a img[src$=\".svg\"]{width:48px}.elementor-widget-image img{vertical-align:middle;display:inline-block}<\/style>\t\t\t\t\t\t\t\t\t\t\t\t<img loading=\"lazy\" decoding=\"async\" width=\"767\" height=\"696\" src=\"https:\/\/jumi-energie.fr\/wp-content\/uploads\/2025\/05\/IMG_5794-1-768x697.jpg\" class=\"attachment-medium_large size-medium_large wp-image-865\" alt=\"\" srcset=\"https:\/\/jumi-energie.fr\/wp-content\/uploads\/2025\/05\/IMG_5794-1-768x697.jpg 768w, https:\/\/jumi-energie.fr\/wp-content\/uploads\/2025\/05\/IMG_5794-1-300x272.jpg 300w, https:\/\/jumi-energie.fr\/wp-content\/uploads\/2025\/05\/IMG_5794-1-1024x930.jpg 1024w, https:\/\/jumi-energie.fr\/wp-content\/uploads\/2025\/05\/IMG_5794-1-1536x1394.jpg 1536w, https:\/\/jumi-energie.fr\/wp-content\/uploads\/2025\/05\/IMG_5794-1-2048x1859.jpg 2048w, https:\/\/jumi-energie.fr\/wp-content\/uploads\/2025\/05\/IMG_5794-1-66x60.jpg 66w\" sizes=\"auto, (max-width: 767px) 100vw, 767px\" \/>\t\t\t\t\t\t\t\t\t\t\t\t\t\t\t<\/div>\n\t\t\t\t<\/div>\n\t\t\t\t\t<\/div>\n\t\t<\/div>\n\t\t\t\t\t\t\t<\/div>\n\t\t<\/section>\n\t\t\t\t<section class=\"elementor-section elementor-top-section elementor-element elementor-element-0f4e2f6 elementor-section-boxed elementor-section-height-default elementor-section-height-default\" data-id=\"0f4e2f6\" data-element_type=\"section\">\n\t\t\t\t\t\t<div class=\"elementor-container elementor-column-gap-default\">\n\t\t\t\t\t<div class=\"elementor-column elementor-col-100 elementor-top-column elementor-element elementor-element-94e3157\" data-id=\"94e3157\" data-element_type=\"column\">\n\t\t\t<div class=\"elementor-widget-wrap\">\n\t\t\t\t\t\t\t\t\t<\/div>\n\t\t<\/div>\n\t\t\t\t\t\t\t<\/div>\n\t\t<\/section>\n\t\t\t\t\t\t\t<\/div>\n\t\t","protected":false},"excerpt":{"rendered":"<p>\u00a0 \u00a0Les s\u00e9ances de groupe sont un tr\u00e8s bon moyen de cumuler l&rsquo;\u00e9nergie du collectif et l&rsquo;individualit\u00e9 de chaque participant.\u00a0 \u00a0Ces ateliers peuvent se composer d&rsquo;un ou plusieurs temps selon &hellip; <\/p>\n","protected":false},"author":1,"featured_media":0,"parent":0,"menu_order":0,"comment_status":"closed","ping_status":"closed","template":"","meta":{"footnotes":""},"class_list":["post-863","page","type-page","status-publish","hentry"],"_links":{"self":[{"href":"https:\/\/jumi-energie.fr\/index.php\/wp-json\/wp\/v2\/pages\/863","targetHints":{"allow":["GET"]}}],"collection":[{"href":"https:\/\/jumi-energie.fr\/index.php\/wp-json\/wp\/v2\/pages"}],"about":[{"href":"https:\/\/jumi-energie.fr\/index.php\/wp-json\/wp\/v2\/types\/page"}],"author":[{"embeddable":true,"href":"https:\/\/jumi-energie.fr\/index.php\/wp-json\/wp\/v2\/users\/1"}],"replies":[{"embeddable":true,"href":"https:\/\/jumi-energie.fr\/index.php\/wp-json\/wp\/v2\/comments?post=863"}],"version-history":[{"count":16,"href":"https:\/\/jumi-energie.fr\/index.php\/wp-json\/wp\/v2\/pages\/863\/revisions"}],"predecessor-version":[{"id":885,"href":"https:\/\/jumi-energie.fr\/index.php\/wp-json\/wp\/v2\/pages\/863\/revisions\/885"}],"wp:attachment":[{"href":"https:\/\/jumi-energie.fr\/index.php\/wp-json\/wp\/v2\/media?parent=863"}],"curies":[{"name":"wp","href":"https:\/\/api.w.org\/{rel}","templated":true}]}}