{"id":645,"date":"2023-07-31T16:15:31","date_gmt":"2023-07-31T14:15:31","guid":{"rendered":"http:\/\/jumi-energie.fr\/?page_id=645"},"modified":"2025-11-24T08:52:56","modified_gmt":"2025-11-24T07:52:56","slug":"lithotherapie","status":"publish","type":"page","link":"https:\/\/jumi-energie.fr\/index.php\/lithotherapie\/","title":{"rendered":"Lithoth\u00e9rapie"},"content":{"rendered":"\t\t<div data-elementor-type=\"wp-post\" data-elementor-id=\"645\" class=\"elementor elementor-645\">\n\t\t\t\t\t\t\t\t\t<section class=\"elementor-section elementor-top-section elementor-element elementor-element-c6fc2f0 elementor-section-boxed elementor-section-height-default elementor-section-height-default\" data-id=\"c6fc2f0\" data-element_type=\"section\" data-settings=\"{&quot;background_background&quot;:&quot;gradient&quot;}\">\n\t\t\t\t\t\t<div class=\"elementor-container elementor-column-gap-wide\">\n\t\t\t\t\t<div class=\"elementor-column elementor-col-50 elementor-top-column elementor-element elementor-element-a986c1b\" data-id=\"a986c1b\" data-element_type=\"column\">\n\t\t\t<div class=\"elementor-widget-wrap elementor-element-populated\">\n\t\t\t\t\t\t\t\t<div class=\"elementor-element elementor-element-72ccf77 elementor-widget elementor-widget-image\" data-id=\"72ccf77\" data-element_type=\"widget\" data-widget_type=\"image.default\">\n\t\t\t\t<div class=\"elementor-widget-container\">\n\t\t\t<style>\/*! elementor - v3.10.1 - 17-01-2023 *\/\n.elementor-widget-image{text-align:center}.elementor-widget-image a{display:inline-block}.elementor-widget-image a img[src$=\".svg\"]{width:48px}.elementor-widget-image img{vertical-align:middle;display:inline-block}<\/style>\t\t\t\t\t\t\t\t\t\t\t\t<img loading=\"lazy\" decoding=\"async\" width=\"1920\" height=\"2560\" src=\"https:\/\/jumi-energie.fr\/wp-content\/uploads\/2023\/08\/IMG_3288-scaled.jpg\" class=\"attachment-full size-full wp-image-654\" alt=\"\" srcset=\"https:\/\/jumi-energie.fr\/wp-content\/uploads\/2023\/08\/IMG_3288-scaled.jpg 1920w, https:\/\/jumi-energie.fr\/wp-content\/uploads\/2023\/08\/IMG_3288-225x300.jpg 225w, https:\/\/jumi-energie.fr\/wp-content\/uploads\/2023\/08\/IMG_3288-768x1024.jpg 768w, https:\/\/jumi-energie.fr\/wp-content\/uploads\/2023\/08\/IMG_3288-1152x1536.jpg 1152w, https:\/\/jumi-energie.fr\/wp-content\/uploads\/2023\/08\/IMG_3288-1536x2048.jpg 1536w, https:\/\/jumi-energie.fr\/wp-content\/uploads\/2023\/08\/IMG_3288-45x60.jpg 45w\" sizes=\"auto, (max-width: 1920px) 100vw, 1920px\" \/>\t\t\t\t\t\t\t\t\t\t\t\t\t\t\t<\/div>\n\t\t\t\t<\/div>\n\t\t\t\t\t<\/div>\n\t\t<\/div>\n\t\t\t\t<div class=\"elementor-column elementor-col-50 elementor-top-column elementor-element elementor-element-e1d198c\" data-id=\"e1d198c\" data-element_type=\"column\">\n\t\t\t<div class=\"elementor-widget-wrap elementor-element-populated\">\n\t\t\t\t\t\t\t\t<div class=\"elementor-element elementor-element-9756cc3 elementor-widget elementor-widget-text-editor\" data-id=\"9756cc3\" data-element_type=\"widget\" data-widget_type=\"text-editor.default\">\n\t\t\t\t<div class=\"elementor-widget-container\">\n\t\t\t<style>\/*! elementor - v3.10.1 - 17-01-2023 *\/\n.elementor-widget-text-editor.elementor-drop-cap-view-stacked .elementor-drop-cap{background-color:#818a91;color:#fff}.elementor-widget-text-editor.elementor-drop-cap-view-framed .elementor-drop-cap{color:#818a91;border:3px solid;background-color:transparent}.elementor-widget-text-editor:not(.elementor-drop-cap-view-default) .elementor-drop-cap{margin-top:8px}.elementor-widget-text-editor:not(.elementor-drop-cap-view-default) .elementor-drop-cap-letter{width:1em;height:1em}.elementor-widget-text-editor .elementor-drop-cap{float:left;text-align:center;line-height:1;font-size:50px}.elementor-widget-text-editor .elementor-drop-cap-letter{display:inline-block}<\/style>\t\t\t\t<p style=\"margin-bottom: 18.0pt;\"><span style=\"font-size: 14.0pt; font-family: 'Arial','sans-serif'; color: #030000;\">Tout ce qui nous entoure est \u00e9nergie : nous, les animaux, les v\u00e9g\u00e9taux, les \u00e9l\u00e9ments ainsi que les min\u00e9raux.<\/span><\/p><p style=\"margin-bottom: 18.0pt;\"><span style=\"font-size: 14.0pt; font-family: 'Arial','sans-serif'; color: #030000;\">Savoir combiner l\u2019\u00e9nergie des personnes et celle des pierres me paraissait vraiment compl\u00e9mentaire. Je me suis donc form\u00e9e \u00e0 la lithoth\u00e9rapie afin d\u2019avoir les connaissances n\u00e9cessaires pour ajouter du b\u00e9n\u00e9fice \u00e0 mes s\u00e9ances Reiki.<\/span><\/p><p style=\"margin-bottom: 18.0pt;\"><span style=\"font-size: 14.0pt; font-family: 'Arial','sans-serif'; color: #030000;\">Les pierres, selon leurs propri\u00e9t\u00e9s apportent leurs bienfaits et leur aide \u00e0 un \u00e9quilibre ajust\u00e9 \u00e0 chaque personnalit\u00e9.<\/span><\/p><p style=\"margin-bottom: 18.0pt;\"><span style=\"font-size: 14.0pt; font-family: 'Arial','sans-serif'; color: #030000;\">Lors d\u2019une s\u00e9ance de reiki, elles apportent un compl\u00e9ment \u00e9nerg\u00e9tique et vont venir ajouter une sensation de r\u00e9confort et de pl\u00e9nitude. Elles participent activement au bien \u00eatre de la s\u00e9ance.<\/span><\/p><p style=\"margin-bottom: 18.0pt;\"><span style=\"font-size: 14.0pt; font-family: 'Arial','sans-serif'; color: #030000;\">Il existe diff\u00e9rentes utilisations des min\u00e9raux et le plus fr\u00e9quentes sont les bijoux port\u00e9s, les pierres actives (qui participent \u00e0 une s\u00e9ance bien \u00eatre) et les pierres pos\u00e9es (qui sont plac\u00e9es dans un espace de vie ou de passage).<\/span><\/p><p style=\"margin-bottom: 18.0pt;\"><span style=\"font-size: 14.0pt; font-family: 'Arial','sans-serif'; color: #030000;\">Il est tr\u00e8s \u00e0 la mode de porter des pierres et beaucoup d\u2019entre nous ne savent pas forc\u00e9ment en les achetant qu\u2019elles n\u00e9cessitent de l\u2019entretien afin de pouvoir nous faire b\u00e9n\u00e9ficier de leurs bienfaits de mani\u00e8re constante et maximale.<\/span><\/p><p style=\"margin-bottom: 18.0pt;\"><span style=\"font-size: 14.0pt; font-family: 'Arial','sans-serif'; color: #030000;\">Lorsque nous poss\u00e9dons des min\u00e9raux, il faut en prendre soin. De ce fait, il est toujours tr\u00e8s important de les nettoyer et de les recharger. Vous pouvez me demander conseil si besoin.<\/span><\/p>\t\t\t\t\t\t<\/div>\n\t\t\t\t<\/div>\n\t\t\t\t\t<\/div>\n\t\t<\/div>\n\t\t\t\t\t\t\t<\/div>\n\t\t<\/section>\n\t\t\t\t<section class=\"elementor-section elementor-top-section elementor-element elementor-element-d6520db elementor-section-boxed elementor-section-height-default elementor-section-height-default\" data-id=\"d6520db\" data-element_type=\"section\">\n\t\t\t\t\t\t<div class=\"elementor-container elementor-column-gap-default\">\n\t\t\t\t\t<div class=\"elementor-column elementor-col-100 elementor-top-column elementor-element elementor-element-d9acb73\" data-id=\"d9acb73\" data-element_type=\"column\">\n\t\t\t<div class=\"elementor-widget-wrap elementor-element-populated\">\n\t\t\t\t\t\t\t\t<div class=\"elementor-element elementor-element-7a8211c elementor-widget elementor-widget-spacer\" data-id=\"7a8211c\" data-element_type=\"widget\" data-widget_type=\"spacer.default\">\n\t\t\t\t<div class=\"elementor-widget-container\">\n\t\t\t<style>\/*! elementor - v3.10.1 - 17-01-2023 *\/\n.elementor-column .elementor-spacer-inner{height:var(--spacer-size)}.e-con{--container-widget-width:100%}.e-con-inner>.elementor-widget-spacer,.e-con>.elementor-widget-spacer{width:var(--container-widget-width,var(--spacer-size));--align-self:var(--container-widget-align-self,initial);--flex-shrink:0}.e-con-inner>.elementor-widget-spacer>.elementor-widget-container,.e-con-inner>.elementor-widget-spacer>.elementor-widget-container>.elementor-spacer,.e-con>.elementor-widget-spacer>.elementor-widget-container,.e-con>.elementor-widget-spacer>.elementor-widget-container>.elementor-spacer{height:100%}.e-con-inner>.elementor-widget-spacer>.elementor-widget-container>.elementor-spacer>.elementor-spacer-inner,.e-con>.elementor-widget-spacer>.elementor-widget-container>.elementor-spacer>.elementor-spacer-inner{height:var(--container-widget-height,var(--spacer-size))}<\/style>\t\t<div class=\"elementor-spacer\">\n\t\t\t<div class=\"elementor-spacer-inner\"><\/div>\n\t\t<\/div>\n\t\t\t\t<\/div>\n\t\t\t\t<\/div>\n\t\t\t\t\t<\/div>\n\t\t<\/div>\n\t\t\t\t\t\t\t<\/div>\n\t\t<\/section>\n\t\t\t\t<section class=\"elementor-section elementor-top-section elementor-element elementor-element-ab52108 elementor-section-boxed elementor-section-height-default elementor-section-height-default\" data-id=\"ab52108\" data-element_type=\"section\" data-settings=\"{&quot;background_background&quot;:&quot;gradient&quot;}\">\n\t\t\t\t\t\t<div class=\"elementor-container elementor-column-gap-default\">\n\t\t\t\t\t<div class=\"elementor-column elementor-col-33 elementor-top-column elementor-element elementor-element-928e5fd\" data-id=\"928e5fd\" data-element_type=\"column\">\n\t\t\t<div class=\"elementor-widget-wrap elementor-element-populated\">\n\t\t\t\t\t\t\t\t<div class=\"elementor-element elementor-element-cb3a682 elementor-widget elementor-widget-image\" data-id=\"cb3a682\" data-element_type=\"widget\" data-widget_type=\"image.default\">\n\t\t\t\t<div class=\"elementor-widget-container\">\n\t\t\t\t\t\t\t\t\t\t\t\t\t\t\t<img loading=\"lazy\" decoding=\"async\" width=\"767\" height=\"1023\" src=\"https:\/\/jumi-energie.fr\/wp-content\/uploads\/2023\/08\/IMG_3282-768x1024.jpg\" class=\"attachment-large size-large wp-image-652\" alt=\"\" srcset=\"https:\/\/jumi-energie.fr\/wp-content\/uploads\/2023\/08\/IMG_3282-768x1024.jpg 768w, https:\/\/jumi-energie.fr\/wp-content\/uploads\/2023\/08\/IMG_3282-225x300.jpg 225w, https:\/\/jumi-energie.fr\/wp-content\/uploads\/2023\/08\/IMG_3282-1152x1536.jpg 1152w, https:\/\/jumi-energie.fr\/wp-content\/uploads\/2023\/08\/IMG_3282-1536x2048.jpg 1536w, https:\/\/jumi-energie.fr\/wp-content\/uploads\/2023\/08\/IMG_3282-45x60.jpg 45w, https:\/\/jumi-energie.fr\/wp-content\/uploads\/2023\/08\/IMG_3282-scaled.jpg 1920w\" sizes=\"auto, (max-width: 767px) 100vw, 767px\" \/>\t\t\t\t\t\t\t\t\t\t\t\t\t\t\t<\/div>\n\t\t\t\t<\/div>\n\t\t\t\t\t<\/div>\n\t\t<\/div>\n\t\t\t\t<div class=\"elementor-column elementor-col-33 elementor-top-column elementor-element elementor-element-1ddb58a\" data-id=\"1ddb58a\" data-element_type=\"column\">\n\t\t\t<div class=\"elementor-widget-wrap elementor-element-populated\">\n\t\t\t\t\t\t\t\t<div class=\"elementor-element elementor-element-6fb6fc0 elementor-widget elementor-widget-text-editor\" data-id=\"6fb6fc0\" data-element_type=\"widget\" data-widget_type=\"text-editor.default\">\n\t\t\t\t<div class=\"elementor-widget-container\">\n\t\t\t\t\t\t\t<p>Et pourquoi ne pas allier le plaisir de laisser aller ma cr\u00e9ativit\u00e9 manuelle et ces belles pierres vertueuses\u00a0? Je me suis lanc\u00e9e dans la confection de bracelets dont voici quelques photos.<\/p><p>Ils sont adaptables et facile d\u2019entretien. Il y a diff\u00e9rentes pierres et donc diff\u00e9rentes vertus. Vous pouvez me demander plus de pr\u00e9cisions.\u00a0<\/p><p>Je peux faire des bracelets personnalis\u00e9s avec votre couleur pr\u00e9f\u00e9r\u00e9e ou pierre pr\u00e9f\u00e9r\u00e9e.\u00a0<\/p>\t\t\t\t\t\t<\/div>\n\t\t\t\t<\/div>\n\t\t\t\t\t<\/div>\n\t\t<\/div>\n\t\t\t\t<div class=\"elementor-column elementor-col-33 elementor-top-column elementor-element elementor-element-a2327ae\" data-id=\"a2327ae\" data-element_type=\"column\">\n\t\t\t<div class=\"elementor-widget-wrap elementor-element-populated\">\n\t\t\t\t\t\t\t\t<div class=\"elementor-element elementor-element-f6a59e1 elementor-widget elementor-widget-image\" data-id=\"f6a59e1\" data-element_type=\"widget\" data-widget_type=\"image.default\">\n\t\t\t\t<div class=\"elementor-widget-container\">\n\t\t\t\t\t\t\t\t\t\t\t\t\t\t\t<img loading=\"lazy\" decoding=\"async\" width=\"767\" height=\"1023\" src=\"https:\/\/jumi-energie.fr\/wp-content\/uploads\/2023\/08\/IMG_3026-768x1024.jpg\" class=\"attachment-large size-large wp-image-656\" alt=\"\" srcset=\"https:\/\/jumi-energie.fr\/wp-content\/uploads\/2023\/08\/IMG_3026-768x1024.jpg 768w, https:\/\/jumi-energie.fr\/wp-content\/uploads\/2023\/08\/IMG_3026-225x300.jpg 225w, https:\/\/jumi-energie.fr\/wp-content\/uploads\/2023\/08\/IMG_3026-1152x1536.jpg 1152w, https:\/\/jumi-energie.fr\/wp-content\/uploads\/2023\/08\/IMG_3026-1536x2048.jpg 1536w, https:\/\/jumi-energie.fr\/wp-content\/uploads\/2023\/08\/IMG_3026-45x60.jpg 45w, https:\/\/jumi-energie.fr\/wp-content\/uploads\/2023\/08\/IMG_3026-scaled.jpg 1920w\" sizes=\"auto, (max-width: 767px) 100vw, 767px\" \/>\t\t\t\t\t\t\t\t\t\t\t\t\t\t\t<\/div>\n\t\t\t\t<\/div>\n\t\t\t\t\t<\/div>\n\t\t<\/div>\n\t\t\t\t\t\t\t<\/div>\n\t\t<\/section>\n\t\t\t\t<section class=\"elementor-section elementor-top-section elementor-element elementor-element-2dbb543 elementor-section-boxed elementor-section-height-default elementor-section-height-default\" data-id=\"2dbb543\" data-element_type=\"section\">\n\t\t\t\t\t\t<div class=\"elementor-container elementor-column-gap-default\">\n\t\t\t\t\t<div class=\"elementor-column elementor-col-100 elementor-top-column elementor-element elementor-element-8879f76\" data-id=\"8879f76\" data-element_type=\"column\">\n\t\t\t<div class=\"elementor-widget-wrap elementor-element-populated\">\n\t\t\t\t\t\t\t\t<div class=\"elementor-element elementor-element-6848818 elementor-widget elementor-widget-spacer\" data-id=\"6848818\" data-element_type=\"widget\" data-widget_type=\"spacer.default\">\n\t\t\t\t<div class=\"elementor-widget-container\">\n\t\t\t\t\t<div class=\"elementor-spacer\">\n\t\t\t<div class=\"elementor-spacer-inner\"><\/div>\n\t\t<\/div>\n\t\t\t\t<\/div>\n\t\t\t\t<\/div>\n\t\t\t\t\t<\/div>\n\t\t<\/div>\n\t\t\t\t\t\t\t<\/div>\n\t\t<\/section>\n\t\t\t\t\t\t\t<\/div>\n\t\t","protected":false},"excerpt":{"rendered":"<p>Tout ce qui nous entoure est \u00e9nergie : nous, les animaux, les v\u00e9g\u00e9taux, les \u00e9l\u00e9ments ainsi que les min\u00e9raux. Savoir combiner l\u2019\u00e9nergie des personnes et celle des pierres me paraissait &hellip; <\/p>\n","protected":false},"author":1,"featured_media":0,"parent":0,"menu_order":0,"comment_status":"closed","ping_status":"closed","template":"","meta":{"footnotes":""},"class_list":["post-645","page","type-page","status-publish","hentry"],"_links":{"self":[{"href":"https:\/\/jumi-energie.fr\/index.php\/wp-json\/wp\/v2\/pages\/645","targetHints":{"allow":["GET"]}}],"collection":[{"href":"https:\/\/jumi-energie.fr\/index.php\/wp-json\/wp\/v2\/pages"}],"about":[{"href":"https:\/\/jumi-energie.fr\/index.php\/wp-json\/wp\/v2\/types\/page"}],"author":[{"embeddable":true,"href":"https:\/\/jumi-energie.fr\/index.php\/wp-json\/wp\/v2\/users\/1"}],"replies":[{"embeddable":true,"href":"https:\/\/jumi-energie.fr\/index.php\/wp-json\/wp\/v2\/comments?post=645"}],"version-history":[{"count":26,"href":"https:\/\/jumi-energie.fr\/index.php\/wp-json\/wp\/v2\/pages\/645\/revisions"}],"predecessor-version":[{"id":915,"href":"https:\/\/jumi-energie.fr\/index.php\/wp-json\/wp\/v2\/pages\/645\/revisions\/915"}],"wp:attachment":[{"href":"https:\/\/jumi-energie.fr\/index.php\/wp-json\/wp\/v2\/media?parent=645"}],"curies":[{"name":"wp","href":"https:\/\/api.w.org\/{rel}","templated":true}]}}