{"id":212,"date":"2023-01-19T20:31:44","date_gmt":"2023-01-19T19:31:44","guid":{"rendered":"http:\/\/jumi-energie.fr\/?page_id=212"},"modified":"2025-05-05T11:39:30","modified_gmt":"2025-05-05T09:39:30","slug":"deroulement-dune-seance","status":"publish","type":"page","link":"https:\/\/jumi-energie.fr\/index.php\/deroulement-dune-seance\/","title":{"rendered":"D\u00e9roulement d&rsquo;une s\u00e9ance"},"content":{"rendered":"\t\t<div data-elementor-type=\"wp-page\" data-elementor-id=\"212\" class=\"elementor elementor-212\">\n\t\t\t\t\t\t\t\t\t<section class=\"elementor-section elementor-top-section elementor-element elementor-element-c823ba2 elementor-section-full_width elementor-section-content-middle elementor-section-height-default elementor-section-height-default\" data-id=\"c823ba2\" data-element_type=\"section\" data-settings=\"{&quot;background_background&quot;:&quot;gradient&quot;}\">\n\t\t\t\t\t\t\t<div class=\"elementor-background-overlay\"><\/div>\n\t\t\t\t\t\t\t<div class=\"elementor-container elementor-column-gap-wide\">\n\t\t\t\t\t<div class=\"elementor-column elementor-col-50 elementor-top-column elementor-element elementor-element-babe038\" data-id=\"babe038\" data-element_type=\"column\">\n\t\t\t<div class=\"elementor-widget-wrap elementor-element-populated\">\n\t\t\t\t\t\t\t\t<div class=\"elementor-element elementor-element-0bc12b0 elementor-widget elementor-widget-image\" data-id=\"0bc12b0\" data-element_type=\"widget\" data-widget_type=\"image.default\">\n\t\t\t\t<div class=\"elementor-widget-container\">\n\t\t\t<style>\/*! elementor - v3.10.1 - 17-01-2023 *\/\n.elementor-widget-image{text-align:center}.elementor-widget-image a{display:inline-block}.elementor-widget-image a img[src$=\".svg\"]{width:48px}.elementor-widget-image img{vertical-align:middle;display:inline-block}<\/style>\t\t\t\t\t\t\t\t\t\t\t\t<img loading=\"lazy\" decoding=\"async\" width=\"767\" height=\"575\" src=\"https:\/\/jumi-energie.fr\/wp-content\/uploads\/2024\/05\/thumbnail-4-1-1024x768.jpg\" class=\"attachment-large size-large wp-image-794\" alt=\"\" srcset=\"https:\/\/jumi-energie.fr\/wp-content\/uploads\/2024\/05\/thumbnail-4-1-1024x768.jpg 1024w, https:\/\/jumi-energie.fr\/wp-content\/uploads\/2024\/05\/thumbnail-4-1-300x225.jpg 300w, https:\/\/jumi-energie.fr\/wp-content\/uploads\/2024\/05\/thumbnail-4-1-768x576.jpg 768w, https:\/\/jumi-energie.fr\/wp-content\/uploads\/2024\/05\/thumbnail-4-1-80x60.jpg 80w, https:\/\/jumi-energie.fr\/wp-content\/uploads\/2024\/05\/thumbnail-4-1-640x480.jpg 640w, https:\/\/jumi-energie.fr\/wp-content\/uploads\/2024\/05\/thumbnail-4-1-110x83.jpg 110w, https:\/\/jumi-energie.fr\/wp-content\/uploads\/2024\/05\/thumbnail-4-1.jpg 1080w\" sizes=\"auto, (max-width: 767px) 100vw, 767px\" \/>\t\t\t\t\t\t\t\t\t\t\t\t\t\t\t<\/div>\n\t\t\t\t<\/div>\n\t\t\t\t\t<\/div>\n\t\t<\/div>\n\t\t\t\t<div class=\"elementor-column elementor-col-50 elementor-top-column elementor-element elementor-element-d13236c\" data-id=\"d13236c\" data-element_type=\"column\">\n\t\t\t<div class=\"elementor-widget-wrap elementor-element-populated\">\n\t\t\t\t\t\t\t\t<div class=\"elementor-element elementor-element-f5bc6ec elementor-widget elementor-widget-text-editor\" data-id=\"f5bc6ec\" data-element_type=\"widget\" data-widget_type=\"text-editor.default\">\n\t\t\t\t<div class=\"elementor-widget-container\">\n\t\t\t<style>\/*! elementor - v3.10.1 - 17-01-2023 *\/\n.elementor-widget-text-editor.elementor-drop-cap-view-stacked .elementor-drop-cap{background-color:#818a91;color:#fff}.elementor-widget-text-editor.elementor-drop-cap-view-framed .elementor-drop-cap{color:#818a91;border:3px solid;background-color:transparent}.elementor-widget-text-editor:not(.elementor-drop-cap-view-default) .elementor-drop-cap{margin-top:8px}.elementor-widget-text-editor:not(.elementor-drop-cap-view-default) .elementor-drop-cap-letter{width:1em;height:1em}.elementor-widget-text-editor .elementor-drop-cap{float:left;text-align:center;line-height:1;font-size:50px}.elementor-widget-text-editor .elementor-drop-cap-letter{display:inline-block}<\/style>\t\t\t\t<p style=\"text-align: center;\"><span style=\"text-decoration: underline;\"><em>SEANCE EN PRESENCE<\/em><\/span><\/p><p>Une s\u00e9ance d\u00e9bute toujours par un entretien afin de d\u00e9terminer les besoins et les \u00e9ventuels probl\u00e8mes \u00e0 prendre en compte. Elle se fait habill\u00e9 et allong\u00e9 sur une table de massage (ou assis en cas d\u2019impossibilit\u00e9 de s\u2019allonger) dans un endroit chaleureux et apaisant. En fonction des ressentis et des personnes, je pose ou laisse mes mains \u00e0 distance pour soulager les tensions et ainsi relancer le circuit \u00e9nerg\u00e9tique. J&rsquo;utilise souvent des pierres et des bols tib\u00e9tains pour compl\u00e9ter la s\u00e9ance si la personne est d&rsquo;accord. Une s\u00e9ance se termine par un \u00e9change qui fait un bilan. La dur\u00e9e globale est de 1h \u00e0 1h30.<\/p>\t\t\t\t\t\t<\/div>\n\t\t\t\t<\/div>\n\t\t\t\t\t<\/div>\n\t\t<\/div>\n\t\t\t\t\t\t\t<\/div>\n\t\t<\/section>\n\t\t\t\t<section class=\"elementor-section elementor-top-section elementor-element elementor-element-60b7e72 elementor-section-boxed elementor-section-height-default elementor-section-height-default\" data-id=\"60b7e72\" data-element_type=\"section\">\n\t\t\t\t\t\t<div class=\"elementor-container elementor-column-gap-default\">\n\t\t\t\t\t<div class=\"elementor-column elementor-col-100 elementor-top-column elementor-element elementor-element-08a47c3\" data-id=\"08a47c3\" data-element_type=\"column\">\n\t\t\t<div class=\"elementor-widget-wrap elementor-element-populated\">\n\t\t\t\t\t\t\t\t<div class=\"elementor-element elementor-element-0624371 elementor-widget elementor-widget-spacer\" data-id=\"0624371\" data-element_type=\"widget\" data-widget_type=\"spacer.default\">\n\t\t\t\t<div class=\"elementor-widget-container\">\n\t\t\t<style>\/*! elementor - v3.10.1 - 17-01-2023 *\/\n.elementor-column .elementor-spacer-inner{height:var(--spacer-size)}.e-con{--container-widget-width:100%}.e-con-inner>.elementor-widget-spacer,.e-con>.elementor-widget-spacer{width:var(--container-widget-width,var(--spacer-size));--align-self:var(--container-widget-align-self,initial);--flex-shrink:0}.e-con-inner>.elementor-widget-spacer>.elementor-widget-container,.e-con-inner>.elementor-widget-spacer>.elementor-widget-container>.elementor-spacer,.e-con>.elementor-widget-spacer>.elementor-widget-container,.e-con>.elementor-widget-spacer>.elementor-widget-container>.elementor-spacer{height:100%}.e-con-inner>.elementor-widget-spacer>.elementor-widget-container>.elementor-spacer>.elementor-spacer-inner,.e-con>.elementor-widget-spacer>.elementor-widget-container>.elementor-spacer>.elementor-spacer-inner{height:var(--container-widget-height,var(--spacer-size))}<\/style>\t\t<div class=\"elementor-spacer\">\n\t\t\t<div class=\"elementor-spacer-inner\"><\/div>\n\t\t<\/div>\n\t\t\t\t<\/div>\n\t\t\t\t<\/div>\n\t\t\t\t\t<\/div>\n\t\t<\/div>\n\t\t\t\t\t\t\t<\/div>\n\t\t<\/section>\n\t\t\t\t<section class=\"elementor-section elementor-top-section elementor-element elementor-element-4da0866 elementor-section-full_width elementor-section-content-middle elementor-section-height-min-height elementor-section-height-default elementor-section-items-middle\" data-id=\"4da0866\" data-element_type=\"section\" data-settings=\"{&quot;background_background&quot;:&quot;gradient&quot;}\">\n\t\t\t\t\t\t\t<div class=\"elementor-background-overlay\"><\/div>\n\t\t\t\t\t\t\t<div class=\"elementor-container elementor-column-gap-wide\">\n\t\t\t\t\t<div class=\"elementor-column elementor-col-50 elementor-top-column elementor-element elementor-element-d4c2354\" data-id=\"d4c2354\" data-element_type=\"column\">\n\t\t\t<div class=\"elementor-widget-wrap elementor-element-populated\">\n\t\t\t\t\t\t\t\t<div class=\"elementor-element elementor-element-ccfc595 elementor-widget elementor-widget-text-editor\" data-id=\"ccfc595\" data-element_type=\"widget\" data-widget_type=\"text-editor.default\">\n\t\t\t\t<div class=\"elementor-widget-container\">\n\t\t\t\t\t\t\t<p style=\"text-align: center;\"><span style=\"text-decoration: underline;\"><em>SEANCE A DISTANCE<\/em><\/span><\/p>\n<p>&nbsp;C&rsquo;est une s\u00e9ance qui se fait en cas d&rsquo;impossibilit\u00e9 de se d\u00e9placer ou en cas de distanciation g\u00e9ographique. Nous prenons rendez vous et \u00e9changeons par t\u00e9l\u00e9phone afin d&rsquo;identifier les besoins. Cette s\u00e9ance peut se faire n&rsquo;importe o\u00f9 tant que quelques conditions sont respect\u00e9es : un endroit calme, sans perturbations ext\u00e9rieures (pas de t\u00e9l\u00e9phone, pas de t\u00e9l\u00e9vision, pas d&rsquo;ordinateur), si possible une musique douce. C&rsquo;est un temps pour soi comme une relaxation pour que vous puissiez avoir un ressenti agr\u00e9able et un r\u00e9sultat imm\u00e9diat. Un bilan t\u00e9l\u00e9phonique se fait aussi apr\u00e8s la s\u00e9ance.<\/p>\t\t\t\t\t\t<\/div>\n\t\t\t\t<\/div>\n\t\t\t\t\t<\/div>\n\t\t<\/div>\n\t\t\t\t<div class=\"elementor-column elementor-col-50 elementor-top-column elementor-element elementor-element-12a2bf6\" data-id=\"12a2bf6\" data-element_type=\"column\">\n\t\t\t<div class=\"elementor-widget-wrap elementor-element-populated\">\n\t\t\t\t\t\t\t\t<div class=\"elementor-element elementor-element-72f283d elementor-widget elementor-widget-image\" data-id=\"72f283d\" data-element_type=\"widget\" data-widget_type=\"image.default\">\n\t\t\t\t<div class=\"elementor-widget-container\">\n\t\t\t\t\t\t\t\t\t\t\t\t\t\t\t<img loading=\"lazy\" decoding=\"async\" width=\"612\" height=\"323\" src=\"https:\/\/jumi-energie.fr\/wp-content\/uploads\/2023\/01\/istockphoto-687504678-612x612-1.jpg\" class=\"attachment-large size-large wp-image-80\" alt=\"\" srcset=\"https:\/\/jumi-energie.fr\/wp-content\/uploads\/2023\/01\/istockphoto-687504678-612x612-1.jpg 612w, https:\/\/jumi-energie.fr\/wp-content\/uploads\/2023\/01\/istockphoto-687504678-612x612-1-300x158.jpg 300w\" sizes=\"auto, (max-width: 612px) 100vw, 612px\" \/>\t\t\t\t\t\t\t\t\t\t\t\t\t\t\t<\/div>\n\t\t\t\t<\/div>\n\t\t\t\t\t<\/div>\n\t\t<\/div>\n\t\t\t\t\t\t\t<\/div>\n\t\t<\/section>\n\t\t\t\t\t\t\t<\/div>\n\t\t","protected":false},"excerpt":{"rendered":"<p>SEANCE EN PRESENCE Une s\u00e9ance d\u00e9bute toujours par un entretien afin de d\u00e9terminer les besoins et les \u00e9ventuels probl\u00e8mes \u00e0 prendre en compte. Elle se fait habill\u00e9 et allong\u00e9 sur &hellip; <\/p>\n","protected":false},"author":1,"featured_media":387,"parent":0,"menu_order":0,"comment_status":"closed","ping_status":"closed","template":"elementor_theme","meta":{"footnotes":""},"class_list":["post-212","page","type-page","status-publish","has-post-thumbnail","hentry"],"_links":{"self":[{"href":"https:\/\/jumi-energie.fr\/index.php\/wp-json\/wp\/v2\/pages\/212","targetHints":{"allow":["GET"]}}],"collection":[{"href":"https:\/\/jumi-energie.fr\/index.php\/wp-json\/wp\/v2\/pages"}],"about":[{"href":"https:\/\/jumi-energie.fr\/index.php\/wp-json\/wp\/v2\/types\/page"}],"author":[{"embeddable":true,"href":"https:\/\/jumi-energie.fr\/index.php\/wp-json\/wp\/v2\/users\/1"}],"replies":[{"embeddable":true,"href":"https:\/\/jumi-energie.fr\/index.php\/wp-json\/wp\/v2\/comments?post=212"}],"version-history":[{"count":39,"href":"https:\/\/jumi-energie.fr\/index.php\/wp-json\/wp\/v2\/pages\/212\/revisions"}],"predecessor-version":[{"id":849,"href":"https:\/\/jumi-energie.fr\/index.php\/wp-json\/wp\/v2\/pages\/212\/revisions\/849"}],"wp:featuredmedia":[{"embeddable":true,"href":"https:\/\/jumi-energie.fr\/index.php\/wp-json\/wp\/v2\/media\/387"}],"wp:attachment":[{"href":"https:\/\/jumi-energie.fr\/index.php\/wp-json\/wp\/v2\/media?parent=212"}],"curies":[{"name":"wp","href":"https:\/\/api.w.org\/{rel}","templated":true}]}}