{"id":210,"date":"2023-01-19T20:31:08","date_gmt":"2023-01-19T19:31:08","guid":{"rendered":"http:\/\/jumi-energie.fr\/?page_id=210"},"modified":"2023-02-10T11:41:45","modified_gmt":"2023-02-10T10:41:45","slug":"les-bienfaits-du-reiki","status":"publish","type":"page","link":"https:\/\/jumi-energie.fr\/index.php\/les-bienfaits-du-reiki\/","title":{"rendered":"Les bienfaits du reiki"},"content":{"rendered":"\t\t<div data-elementor-type=\"wp-page\" data-elementor-id=\"210\" class=\"elementor elementor-210\">\n\t\t\t\t\t\t\t\t\t<section class=\"elementor-section elementor-top-section elementor-element elementor-element-fda0f11 elementor-section-full_width elementor-section-content-middle elementor-section-height-default elementor-section-height-default\" data-id=\"fda0f11\" data-element_type=\"section\" data-settings=\"{&quot;background_background&quot;:&quot;gradient&quot;}\">\n\t\t\t\t\t\t\t<div class=\"elementor-background-overlay\"><\/div>\n\t\t\t\t\t\t\t<div class=\"elementor-container elementor-column-gap-wide\">\n\t\t\t\t\t<div class=\"elementor-column elementor-col-50 elementor-top-column elementor-element elementor-element-f07347b\" data-id=\"f07347b\" data-element_type=\"column\">\n\t\t\t<div class=\"elementor-widget-wrap elementor-element-populated\">\n\t\t\t\t\t\t\t\t<div class=\"elementor-element elementor-element-8912ac5 elementor-widget elementor-widget-image\" data-id=\"8912ac5\" data-element_type=\"widget\" data-widget_type=\"image.default\">\n\t\t\t\t<div class=\"elementor-widget-container\">\n\t\t\t<style>\/*! elementor - v3.10.1 - 17-01-2023 *\/\n.elementor-widget-image{text-align:center}.elementor-widget-image a{display:inline-block}.elementor-widget-image a img[src$=\".svg\"]{width:48px}.elementor-widget-image img{vertical-align:middle;display:inline-block}<\/style>\t\t\t\t\t\t\t\t\t\t\t\t<img loading=\"lazy\" decoding=\"async\" width=\"612\" height=\"416\" src=\"https:\/\/jumi-energie.fr\/wp-content\/uploads\/2023\/01\/istockphoto-1090126398-612x612-1.jpg\" class=\"attachment-large size-large wp-image-201\" alt=\"\" srcset=\"https:\/\/jumi-energie.fr\/wp-content\/uploads\/2023\/01\/istockphoto-1090126398-612x612-1.jpg 612w, https:\/\/jumi-energie.fr\/wp-content\/uploads\/2023\/01\/istockphoto-1090126398-612x612-1-300x204.jpg 300w, https:\/\/jumi-energie.fr\/wp-content\/uploads\/2023\/01\/istockphoto-1090126398-612x612-1-88x60.jpg 88w\" sizes=\"auto, (max-width: 612px) 100vw, 612px\" \/>\t\t\t\t\t\t\t\t\t\t\t\t\t\t\t<\/div>\n\t\t\t\t<\/div>\n\t\t\t\t\t<\/div>\n\t\t<\/div>\n\t\t\t\t<div class=\"elementor-column elementor-col-50 elementor-top-column elementor-element elementor-element-e3ce5a0\" data-id=\"e3ce5a0\" data-element_type=\"column\">\n\t\t\t<div class=\"elementor-widget-wrap elementor-element-populated\">\n\t\t\t\t\t\t\t\t<div class=\"elementor-element elementor-element-8249941 elementor-widget elementor-widget-text-editor\" data-id=\"8249941\" data-element_type=\"widget\" data-widget_type=\"text-editor.default\">\n\t\t\t\t<div class=\"elementor-widget-container\">\n\t\t\t<style>\/*! elementor - v3.10.1 - 17-01-2023 *\/\n.elementor-widget-text-editor.elementor-drop-cap-view-stacked .elementor-drop-cap{background-color:#818a91;color:#fff}.elementor-widget-text-editor.elementor-drop-cap-view-framed .elementor-drop-cap{color:#818a91;border:3px solid;background-color:transparent}.elementor-widget-text-editor:not(.elementor-drop-cap-view-default) .elementor-drop-cap{margin-top:8px}.elementor-widget-text-editor:not(.elementor-drop-cap-view-default) .elementor-drop-cap-letter{width:1em;height:1em}.elementor-widget-text-editor .elementor-drop-cap{float:left;text-align:center;line-height:1;font-size:50px}.elementor-widget-text-editor .elementor-drop-cap-letter{display:inline-block}<\/style>\t\t\t\t<p>Soulage les tensions li\u00e9es \u00e0 un d\u00e9s\u00e9quilibre \u00e9motionnel qui emp\u00eache d&rsquo;avancer dans sa vie (deuil, burn out, troubles de l&rsquo;humeur&#8230;)<\/p><p>Favorise la relaxation et la d\u00e9tente, agit sur la qualit\u00e9 du sommeil et le niveau de stress.\u00a0<\/p><p>Aide \u00e0 lutter contre la fatigue, les douleurs chroniques ou temporaires.\u00a0<\/p><p>Prendre soin de soi, profiter d&rsquo;un moment de d\u00e9tente pour se faire plaisir, se ressourcer et stimuler sa propre \u00e9nergie.\u00a0<\/p><p>Equilibre le corps et l&rsquo;esprit pour une prise en charge globale de la personne.<\/p>\t\t\t\t\t\t<\/div>\n\t\t\t\t<\/div>\n\t\t\t\t\t<\/div>\n\t\t<\/div>\n\t\t\t\t\t\t\t<\/div>\n\t\t<\/section>\n\t\t\t\t<section class=\"elementor-section elementor-top-section elementor-element elementor-element-94c170f elementor-section-boxed elementor-section-height-default elementor-section-height-default\" data-id=\"94c170f\" data-element_type=\"section\">\n\t\t\t\t\t\t<div class=\"elementor-container elementor-column-gap-default\">\n\t\t\t\t\t<div class=\"elementor-column elementor-col-100 elementor-top-column elementor-element elementor-element-bd20134\" data-id=\"bd20134\" data-element_type=\"column\">\n\t\t\t<div class=\"elementor-widget-wrap elementor-element-populated\">\n\t\t\t\t\t\t\t\t<div class=\"elementor-element elementor-element-5c34422 elementor-widget elementor-widget-spacer\" data-id=\"5c34422\" data-element_type=\"widget\" data-widget_type=\"spacer.default\">\n\t\t\t\t<div class=\"elementor-widget-container\">\n\t\t\t<style>\/*! elementor - v3.10.1 - 17-01-2023 *\/\n.elementor-column .elementor-spacer-inner{height:var(--spacer-size)}.e-con{--container-widget-width:100%}.e-con-inner>.elementor-widget-spacer,.e-con>.elementor-widget-spacer{width:var(--container-widget-width,var(--spacer-size));--align-self:var(--container-widget-align-self,initial);--flex-shrink:0}.e-con-inner>.elementor-widget-spacer>.elementor-widget-container,.e-con-inner>.elementor-widget-spacer>.elementor-widget-container>.elementor-spacer,.e-con>.elementor-widget-spacer>.elementor-widget-container,.e-con>.elementor-widget-spacer>.elementor-widget-container>.elementor-spacer{height:100%}.e-con-inner>.elementor-widget-spacer>.elementor-widget-container>.elementor-spacer>.elementor-spacer-inner,.e-con>.elementor-widget-spacer>.elementor-widget-container>.elementor-spacer>.elementor-spacer-inner{height:var(--container-widget-height,var(--spacer-size))}<\/style>\t\t<div class=\"elementor-spacer\">\n\t\t\t<div class=\"elementor-spacer-inner\"><\/div>\n\t\t<\/div>\n\t\t\t\t<\/div>\n\t\t\t\t<\/div>\n\t\t\t\t\t<\/div>\n\t\t<\/div>\n\t\t\t\t\t\t\t<\/div>\n\t\t<\/section>\n\t\t\t\t\t\t\t<\/div>\n\t\t","protected":false},"excerpt":{"rendered":"<p>Soulage les tensions li\u00e9es \u00e0 un d\u00e9s\u00e9quilibre \u00e9motionnel qui emp\u00eache d&rsquo;avancer dans sa vie (deuil, burn out, troubles de l&rsquo;humeur&#8230;) Favorise la relaxation et la d\u00e9tente, agit sur la qualit\u00e9 &hellip; <\/p>\n","protected":false},"author":1,"featured_media":428,"parent":0,"menu_order":0,"comment_status":"closed","ping_status":"closed","template":"","meta":{"footnotes":""},"class_list":["post-210","page","type-page","status-publish","has-post-thumbnail","hentry"],"_links":{"self":[{"href":"https:\/\/jumi-energie.fr\/index.php\/wp-json\/wp\/v2\/pages\/210","targetHints":{"allow":["GET"]}}],"collection":[{"href":"https:\/\/jumi-energie.fr\/index.php\/wp-json\/wp\/v2\/pages"}],"about":[{"href":"https:\/\/jumi-energie.fr\/index.php\/wp-json\/wp\/v2\/types\/page"}],"author":[{"embeddable":true,"href":"https:\/\/jumi-energie.fr\/index.php\/wp-json\/wp\/v2\/users\/1"}],"replies":[{"embeddable":true,"href":"https:\/\/jumi-energie.fr\/index.php\/wp-json\/wp\/v2\/comments?post=210"}],"version-history":[{"count":41,"href":"https:\/\/jumi-energie.fr\/index.php\/wp-json\/wp\/v2\/pages\/210\/revisions"}],"predecessor-version":[{"id":614,"href":"https:\/\/jumi-energie.fr\/index.php\/wp-json\/wp\/v2\/pages\/210\/revisions\/614"}],"wp:featuredmedia":[{"embeddable":true,"href":"https:\/\/jumi-energie.fr\/index.php\/wp-json\/wp\/v2\/media\/428"}],"wp:attachment":[{"href":"https:\/\/jumi-energie.fr\/index.php\/wp-json\/wp\/v2\/media?parent=210"}],"curies":[{"name":"wp","href":"https:\/\/api.w.org\/{rel}","templated":true}]}}