{"id":119,"date":"2023-01-18T20:40:38","date_gmt":"2023-01-18T19:40:38","guid":{"rendered":"http:\/\/jumi-energie.fr\/?page_id=119"},"modified":"2024-05-06T18:14:55","modified_gmt":"2024-05-06T16:14:55","slug":"qui-suis-je","status":"publish","type":"page","link":"https:\/\/jumi-energie.fr\/index.php\/qui-suis-je\/","title":{"rendered":"Qui suis-je?"},"content":{"rendered":"\t\t<div data-elementor-type=\"wp-page\" data-elementor-id=\"119\" class=\"elementor elementor-119\">\n\t\t\t\t\t\t\t\t\t<section class=\"elementor-section elementor-top-section elementor-element elementor-element-9d467c1 elementor-section-full_width elementor-section-content-middle elementor-section-height-default elementor-section-height-default\" data-id=\"9d467c1\" data-element_type=\"section\" data-settings=\"{&quot;background_background&quot;:&quot;gradient&quot;}\">\n\t\t\t\t\t\t\t<div class=\"elementor-background-overlay\"><\/div>\n\t\t\t\t\t\t\t<div class=\"elementor-container elementor-column-gap-wide\">\n\t\t\t\t\t<div class=\"elementor-column elementor-col-33 elementor-top-column elementor-element elementor-element-6a914ed\" data-id=\"6a914ed\" data-element_type=\"column\">\n\t\t\t<div class=\"elementor-widget-wrap elementor-element-populated\">\n\t\t\t\t\t\t\t\t<div class=\"elementor-element elementor-element-8aa346f elementor-widget elementor-widget-image\" data-id=\"8aa346f\" data-element_type=\"widget\" data-widget_type=\"image.default\">\n\t\t\t\t<div class=\"elementor-widget-container\">\n\t\t\t<style>\/*! elementor - v3.10.1 - 17-01-2023 *\/\n.elementor-widget-image{text-align:center}.elementor-widget-image a{display:inline-block}.elementor-widget-image a img[src$=\".svg\"]{width:48px}.elementor-widget-image img{vertical-align:middle;display:inline-block}<\/style>\t\t\t\t\t\t\t\t\t\t\t\t<img loading=\"lazy\" decoding=\"async\" width=\"767\" height=\"1363\" src=\"https:\/\/jumi-energie.fr\/wp-content\/uploads\/2024\/05\/thumbnail-768x1365.jpg\" class=\"attachment-medium_large size-medium_large wp-image-812\" alt=\"\" srcset=\"https:\/\/jumi-energie.fr\/wp-content\/uploads\/2024\/05\/thumbnail-768x1365.jpg 768w, https:\/\/jumi-energie.fr\/wp-content\/uploads\/2024\/05\/thumbnail-169x300.jpg 169w, https:\/\/jumi-energie.fr\/wp-content\/uploads\/2024\/05\/thumbnail-576x1024.jpg 576w, https:\/\/jumi-energie.fr\/wp-content\/uploads\/2024\/05\/thumbnail-864x1536.jpg 864w, https:\/\/jumi-energie.fr\/wp-content\/uploads\/2024\/05\/thumbnail-34x60.jpg 34w, https:\/\/jumi-energie.fr\/wp-content\/uploads\/2024\/05\/thumbnail.jpg 1080w\" sizes=\"auto, (max-width: 767px) 100vw, 767px\" \/>\t\t\t\t\t\t\t\t\t\t\t\t\t\t\t<\/div>\n\t\t\t\t<\/div>\n\t\t\t\t\t<\/div>\n\t\t<\/div>\n\t\t\t\t<div class=\"elementor-column elementor-col-66 elementor-top-column elementor-element elementor-element-4855135\" data-id=\"4855135\" data-element_type=\"column\">\n\t\t\t<div class=\"elementor-widget-wrap elementor-element-populated\">\n\t\t\t\t\t\t\t\t<div class=\"elementor-element elementor-element-87afa2d elementor-widget elementor-widget-text-editor\" data-id=\"87afa2d\" data-element_type=\"widget\" data-widget_type=\"text-editor.default\">\n\t\t\t\t<div class=\"elementor-widget-container\">\n\t\t\t<style>\/*! elementor - v3.10.1 - 17-01-2023 *\/\n.elementor-widget-text-editor.elementor-drop-cap-view-stacked .elementor-drop-cap{background-color:#818a91;color:#fff}.elementor-widget-text-editor.elementor-drop-cap-view-framed .elementor-drop-cap{color:#818a91;border:3px solid;background-color:transparent}.elementor-widget-text-editor:not(.elementor-drop-cap-view-default) .elementor-drop-cap{margin-top:8px}.elementor-widget-text-editor:not(.elementor-drop-cap-view-default) .elementor-drop-cap-letter{width:1em;height:1em}.elementor-widget-text-editor .elementor-drop-cap{float:left;text-align:center;line-height:1;font-size:50px}.elementor-widget-text-editor .elementor-drop-cap-letter{display:inline-block}<\/style>\t\t\t\t<p>En reconversion professionnelle, je me suis form\u00e9e \u00e0 cette pratique dans un environnement bienveillant, ouvert et serein. Il y a eu un \u00ab avant \u00bb et un \u00ab apr\u00e8s \u00bb reiki, comme une prise de conscience de mes envies de vie.<\/p>\n<p>&nbsp;Le fil rouge de ma vie c\u2019est le bien \u00eatre des personnes qui m\u2019entourent.<\/p>\n<p>Avant le reiki, j\u2019ai fait une carri\u00e8re administrative dans le sanitaire et social aupr\u00e8s de personnes en rupture sociale et ensuite aupr\u00e8s de s\u00e9niors. Toujours bienveillante,&nbsp; attentive, dans l\u2019\u00e9coute et sans jugement, j\u2019ai pris soin des autres avec le c\u00f4t\u00e9 \u00e9motionnel et le ressenti que j\u2019avais. Je me suis impliqu\u00e9e et appliqu\u00e9e \u00e0 aider les gens dans leur quotidien.<\/p>\n<p>Cela m\u2019a amen\u00e9 \u00e0 \u00eatre ce que je suis et ce que je fais maintenant. Je serai toujours reconnaissante de ce que j\u2019ai v\u00e9cu et des personnes que j\u2019ai rencontr\u00e9es et qui m\u2019ont fait confiance. &nbsp;<\/p>\n<p>Apr\u00e8s le reiki, c\u2019est une sensation d\u2019enfin respirer. Comme une id\u00e9e nouvelle de la vie. Comme un sentiment de pl\u00e9nitude et de libert\u00e9. L\u2019apr\u00e8s reiki, c\u2019est \u00e0 moi de vous le faire d\u00e9couvrir dans ma pratique et mon \u00e9coute.<\/p>\n<p>Je me forme aussi r\u00e9guli\u00e8rement, au gr\u00e9 de mes envies et des rencontres professionnelles et amicales, \u00e0 d&rsquo;autres techniques afin de mieux vous accompagner dans votre mieux \u00eatre.<\/p>\n<p>C\u2019est maintenant,&nbsp; avec et pour vous. Ensemble, continuons l\u2019histoire\u2026<\/p>\t\t\t\t\t\t<\/div>\n\t\t\t\t<\/div>\n\t\t\t\t\t<\/div>\n\t\t<\/div>\n\t\t\t\t\t\t\t<\/div>\n\t\t<\/section>\n\t\t\t\t<section class=\"elementor-section elementor-top-section elementor-element elementor-element-4df21b7 elementor-section-boxed elementor-section-height-default elementor-section-height-default\" data-id=\"4df21b7\" data-element_type=\"section\">\n\t\t\t\t\t\t<div class=\"elementor-container elementor-column-gap-default\">\n\t\t\t\t\t<div class=\"elementor-column elementor-col-100 elementor-top-column elementor-element elementor-element-908939b\" data-id=\"908939b\" data-element_type=\"column\">\n\t\t\t<div class=\"elementor-widget-wrap elementor-element-populated\">\n\t\t\t\t\t\t\t\t<div class=\"elementor-element elementor-element-da172e3 elementor-widget elementor-widget-spacer\" data-id=\"da172e3\" data-element_type=\"widget\" data-widget_type=\"spacer.default\">\n\t\t\t\t<div class=\"elementor-widget-container\">\n\t\t\t<style>\/*! elementor - v3.10.1 - 17-01-2023 *\/\n.elementor-column .elementor-spacer-inner{height:var(--spacer-size)}.e-con{--container-widget-width:100%}.e-con-inner>.elementor-widget-spacer,.e-con>.elementor-widget-spacer{width:var(--container-widget-width,var(--spacer-size));--align-self:var(--container-widget-align-self,initial);--flex-shrink:0}.e-con-inner>.elementor-widget-spacer>.elementor-widget-container,.e-con-inner>.elementor-widget-spacer>.elementor-widget-container>.elementor-spacer,.e-con>.elementor-widget-spacer>.elementor-widget-container,.e-con>.elementor-widget-spacer>.elementor-widget-container>.elementor-spacer{height:100%}.e-con-inner>.elementor-widget-spacer>.elementor-widget-container>.elementor-spacer>.elementor-spacer-inner,.e-con>.elementor-widget-spacer>.elementor-widget-container>.elementor-spacer>.elementor-spacer-inner{height:var(--container-widget-height,var(--spacer-size))}<\/style>\t\t<div class=\"elementor-spacer\">\n\t\t\t<div class=\"elementor-spacer-inner\"><\/div>\n\t\t<\/div>\n\t\t\t\t<\/div>\n\t\t\t\t<\/div>\n\t\t\t\t\t<\/div>\n\t\t<\/div>\n\t\t\t\t\t\t\t<\/div>\n\t\t<\/section>\n\t\t\t\t\t\t\t<\/div>\n\t\t","protected":false},"excerpt":{"rendered":"<p>En reconversion professionnelle, je me suis form\u00e9e \u00e0 cette pratique dans un environnement bienveillant, ouvert et serein. Il y a eu un \u00ab avant \u00bb et un \u00ab apr\u00e8s \u00bb &hellip; <\/p>\n","protected":false},"author":1,"featured_media":454,"parent":0,"menu_order":0,"comment_status":"closed","ping_status":"closed","template":"","meta":{"footnotes":""},"class_list":["post-119","page","type-page","status-publish","has-post-thumbnail","hentry"],"_links":{"self":[{"href":"https:\/\/jumi-energie.fr\/index.php\/wp-json\/wp\/v2\/pages\/119","targetHints":{"allow":["GET"]}}],"collection":[{"href":"https:\/\/jumi-energie.fr\/index.php\/wp-json\/wp\/v2\/pages"}],"about":[{"href":"https:\/\/jumi-energie.fr\/index.php\/wp-json\/wp\/v2\/types\/page"}],"author":[{"embeddable":true,"href":"https:\/\/jumi-energie.fr\/index.php\/wp-json\/wp\/v2\/users\/1"}],"replies":[{"embeddable":true,"href":"https:\/\/jumi-energie.fr\/index.php\/wp-json\/wp\/v2\/comments?post=119"}],"version-history":[{"count":37,"href":"https:\/\/jumi-energie.fr\/index.php\/wp-json\/wp\/v2\/pages\/119\/revisions"}],"predecessor-version":[{"id":831,"href":"https:\/\/jumi-energie.fr\/index.php\/wp-json\/wp\/v2\/pages\/119\/revisions\/831"}],"wp:featuredmedia":[{"embeddable":true,"href":"https:\/\/jumi-energie.fr\/index.php\/wp-json\/wp\/v2\/media\/454"}],"wp:attachment":[{"href":"https:\/\/jumi-energie.fr\/index.php\/wp-json\/wp\/v2\/media?parent=119"}],"curies":[{"name":"wp","href":"https:\/\/api.w.org\/{rel}","templated":true}]}}