{"id":10,"date":"2023-01-11T19:20:24","date_gmt":"2023-01-11T18:20:24","guid":{"rendered":"http:\/\/jumi-energie.fr\/?page_id=10"},"modified":"2025-05-05T11:52:52","modified_gmt":"2025-05-05T09:52:52","slug":"me-contacter","status":"publish","type":"page","link":"https:\/\/jumi-energie.fr\/index.php\/me-contacter\/","title":{"rendered":"Informations et tarifs"},"content":{"rendered":"\t\t<div data-elementor-type=\"wp-page\" data-elementor-id=\"10\" class=\"elementor elementor-10\">\n\t\t\t\t\t\t\t\t\t<section class=\"elementor-section elementor-top-section elementor-element elementor-element-5b0feee elementor-section-full_width elementor-section-content-middle elementor-section-height-default elementor-section-height-default\" data-id=\"5b0feee\" data-element_type=\"section\" data-settings=\"{&quot;background_background&quot;:&quot;gradient&quot;}\">\n\t\t\t\t\t\t\t<div class=\"elementor-background-overlay\"><\/div>\n\t\t\t\t\t\t\t<div class=\"elementor-container elementor-column-gap-wide\">\n\t\t\t\t\t<div class=\"elementor-column elementor-col-50 elementor-top-column elementor-element elementor-element-e7305b4\" data-id=\"e7305b4\" data-element_type=\"column\">\n\t\t\t<div class=\"elementor-widget-wrap elementor-element-populated\">\n\t\t\t\t\t\t\t\t<div class=\"elementor-element elementor-element-baf3cfb elementor-widget elementor-widget-image\" data-id=\"baf3cfb\" data-element_type=\"widget\" data-widget_type=\"image.default\">\n\t\t\t\t<div class=\"elementor-widget-container\">\n\t\t\t<style>\/*! elementor - v3.10.1 - 17-01-2023 *\/\n.elementor-widget-image{text-align:center}.elementor-widget-image a{display:inline-block}.elementor-widget-image a img[src$=\".svg\"]{width:48px}.elementor-widget-image img{vertical-align:middle;display:inline-block}<\/style>\t\t\t\t\t\t\t\t\t\t\t\t<img loading=\"lazy\" decoding=\"async\" width=\"330\" height=\"350\" src=\"https:\/\/jumi-energie.fr\/wp-content\/uploads\/2024\/05\/logo-detoure-attenue-80-330x350.png\" class=\"attachment-post-category-slider-size size-post-category-slider-size wp-image-734\" alt=\"\" srcset=\"https:\/\/jumi-energie.fr\/wp-content\/uploads\/2024\/05\/logo-detoure-attenue-80-330x350.png 330w, https:\/\/jumi-energie.fr\/wp-content\/uploads\/2024\/05\/logo-detoure-attenue-80-57x60.png 57w\" sizes=\"auto, (max-width: 330px) 100vw, 330px\" \/>\t\t\t\t\t\t\t\t\t\t\t\t\t\t\t<\/div>\n\t\t\t\t<\/div>\n\t\t\t\t\t<\/div>\n\t\t<\/div>\n\t\t\t\t<div class=\"elementor-column elementor-col-50 elementor-top-column elementor-element elementor-element-3702dfe\" data-id=\"3702dfe\" data-element_type=\"column\">\n\t\t\t<div class=\"elementor-widget-wrap elementor-element-populated\">\n\t\t\t\t\t\t\t\t<div class=\"elementor-element elementor-element-c3dbd3b elementor-widget elementor-widget-text-editor\" data-id=\"c3dbd3b\" data-element_type=\"widget\" data-widget_type=\"text-editor.default\">\n\t\t\t\t<div class=\"elementor-widget-container\">\n\t\t\t<style>\/*! elementor - v3.10.1 - 17-01-2023 *\/\n.elementor-widget-text-editor.elementor-drop-cap-view-stacked .elementor-drop-cap{background-color:#818a91;color:#fff}.elementor-widget-text-editor.elementor-drop-cap-view-framed .elementor-drop-cap{color:#818a91;border:3px solid;background-color:transparent}.elementor-widget-text-editor:not(.elementor-drop-cap-view-default) .elementor-drop-cap{margin-top:8px}.elementor-widget-text-editor:not(.elementor-drop-cap-view-default) .elementor-drop-cap-letter{width:1em;height:1em}.elementor-widget-text-editor .elementor-drop-cap{float:left;text-align:center;line-height:1;font-size:50px}.elementor-widget-text-editor .elementor-drop-cap-letter{display:inline-block}<\/style>\t\t\t\t<h3><span style=\"text-decoration: underline; color: #000000;\"><em>INFORMATIONS<\/em><\/span><\/h3><p><span style=\"color: #000000;\"><strong>S\u00e9ances individuelles en pr\u00e9sence et \u00e0 distance.\u00a0<\/strong><\/span><\/p><p><span style=\"color: #000000;\"><strong>S\u00e9ances individuelles ou ateliers en entreprise adapt\u00e9s au milieu professionnel. Intervenante pour la Qualit\u00e9 de Vie au Travail.<\/strong><\/span><\/p><p><strong>S\u00e9ances individuelles ou ateliers dans le milieu associatif (aidants, handicap, social).<\/strong><\/p><p><span style=\"color: #000000;\"><strong><span style=\"font-family: var( --e-global-typography-text-font-family ), Sans-serif;\">Contactez moi pour tous renseignements ou besoins particuliers. Je m&rsquo;adapte \u00e0 chaque situation.\u00a0<\/span><\/strong><\/span><\/p>\t\t\t\t\t\t<\/div>\n\t\t\t\t<\/div>\n\t\t\t\t\t<\/div>\n\t\t<\/div>\n\t\t\t\t\t\t\t<\/div>\n\t\t<\/section>\n\t\t\t\t<section class=\"elementor-section elementor-top-section elementor-element elementor-element-714f743 elementor-section-boxed elementor-section-height-default elementor-section-height-default\" data-id=\"714f743\" data-element_type=\"section\">\n\t\t\t\t\t\t<div class=\"elementor-container elementor-column-gap-default\">\n\t\t\t\t\t<div class=\"elementor-column elementor-col-100 elementor-top-column elementor-element elementor-element-b6ef4a9\" data-id=\"b6ef4a9\" data-element_type=\"column\">\n\t\t\t<div class=\"elementor-widget-wrap elementor-element-populated\">\n\t\t\t\t\t\t\t\t<div class=\"elementor-element elementor-element-61b3a4e elementor-widget elementor-widget-spacer\" data-id=\"61b3a4e\" data-element_type=\"widget\" data-widget_type=\"spacer.default\">\n\t\t\t\t<div class=\"elementor-widget-container\">\n\t\t\t<style>\/*! elementor - v3.10.1 - 17-01-2023 *\/\n.elementor-column .elementor-spacer-inner{height:var(--spacer-size)}.e-con{--container-widget-width:100%}.e-con-inner>.elementor-widget-spacer,.e-con>.elementor-widget-spacer{width:var(--container-widget-width,var(--spacer-size));--align-self:var(--container-widget-align-self,initial);--flex-shrink:0}.e-con-inner>.elementor-widget-spacer>.elementor-widget-container,.e-con-inner>.elementor-widget-spacer>.elementor-widget-container>.elementor-spacer,.e-con>.elementor-widget-spacer>.elementor-widget-container,.e-con>.elementor-widget-spacer>.elementor-widget-container>.elementor-spacer{height:100%}.e-con-inner>.elementor-widget-spacer>.elementor-widget-container>.elementor-spacer>.elementor-spacer-inner,.e-con>.elementor-widget-spacer>.elementor-widget-container>.elementor-spacer>.elementor-spacer-inner{height:var(--container-widget-height,var(--spacer-size))}<\/style>\t\t<div class=\"elementor-spacer\">\n\t\t\t<div class=\"elementor-spacer-inner\"><\/div>\n\t\t<\/div>\n\t\t\t\t<\/div>\n\t\t\t\t<\/div>\n\t\t\t\t\t<\/div>\n\t\t<\/div>\n\t\t\t\t\t\t\t<\/div>\n\t\t<\/section>\n\t\t\t\t<section class=\"elementor-section elementor-top-section elementor-element elementor-element-cd50983 elementor-section-full_width elementor-section-content-middle elementor-section-height-default elementor-section-height-default\" data-id=\"cd50983\" data-element_type=\"section\" data-settings=\"{&quot;background_background&quot;:&quot;gradient&quot;}\">\n\t\t\t\t\t\t\t<div class=\"elementor-background-overlay\"><\/div>\n\t\t\t\t\t\t\t<div class=\"elementor-container elementor-column-gap-wide\">\n\t\t\t\t\t<div class=\"elementor-column elementor-col-50 elementor-top-column elementor-element elementor-element-5325a2c\" data-id=\"5325a2c\" data-element_type=\"column\">\n\t\t\t<div class=\"elementor-widget-wrap elementor-element-populated\">\n\t\t\t\t\t\t\t\t<div class=\"elementor-element elementor-element-9d7d4bb elementor-widget elementor-widget-text-editor\" data-id=\"9d7d4bb\" data-element_type=\"widget\" data-widget_type=\"text-editor.default\">\n\t\t\t\t<div class=\"elementor-widget-container\">\n\t\t\t\t\t\t\t<h3><em><span style=\"text-decoration: underline;\">TARIFS<\/span><\/em><\/h3><p><strong><span style=\"color: var( --e-global-color-text ); font-family: var( --e-global-typography-text-font-family ), Sans-serif;\"><span style=\"text-decoration: underline;\">Reiki<\/span> : 50\u20ac la s\u00e9ance d&rsquo;une dur\u00e9e de 1h \u00e0 1h30.<\/span><\/strong><\/p><p><strong><span style=\"color: var( --e-global-color-text ); font-family: var( --e-global-typography-text-font-family ), Sans-serif;\"><span style=\"text-decoration: underline;\">Reiki + bols chantants<\/span> : 60\u20ac la s\u00e9ance d&rsquo;une dur\u00e9e d&rsquo;1h \u00e0 1h30.<\/span><\/strong><\/p><p><strong><span style=\"color: var( --e-global-color-text ); font-family: var( --e-global-typography-text-font-family ), Sans-serif;\"><span style=\"text-decoration: underline;\">Massage sonore aux bols chantants<\/span> : 70\u20ac la s\u00e9ance d&rsquo;une dur\u00e9e d&rsquo;1h \u00e0 1h30.<\/span><\/strong><\/p><p><strong>R\u00e8glement par Wero (Paylib), esp\u00e8ces ou ch\u00e8que. Pas de CB. Possibilit\u00e9 de\u00a0 virement pour une s\u00e9ance \u00e0 distance.<\/strong><\/p><p><strong><span style=\"color: var( --e-global-color-text ); font-family: var( --e-global-typography-text-font-family ), Sans-serif;\">Me consulter pour un atelier ou des s\u00e9ances en milieu professionnel ou associatif (sur devis).<\/span><\/strong><\/p><p><strong>Pensez au bon cadeau personnalis\u00e9 pour faire profiter d&rsquo;un merveilleux moment \u00e0 vos proches.<\/strong><\/p>\t\t\t\t\t\t<\/div>\n\t\t\t\t<\/div>\n\t\t\t\t\t<\/div>\n\t\t<\/div>\n\t\t\t\t<div class=\"elementor-column elementor-col-50 elementor-top-column elementor-element elementor-element-b0866cc\" data-id=\"b0866cc\" data-element_type=\"column\">\n\t\t\t<div class=\"elementor-widget-wrap elementor-element-populated\">\n\t\t\t\t\t\t\t\t<div class=\"elementor-element elementor-element-07111bc elementor-widget elementor-widget-image\" data-id=\"07111bc\" data-element_type=\"widget\" data-widget_type=\"image.default\">\n\t\t\t\t<div class=\"elementor-widget-container\">\n\t\t\t\t\t\t\t\t\t\t\t\t\t\t\t<img loading=\"lazy\" decoding=\"async\" width=\"612\" height=\"405\" src=\"https:\/\/jumi-energie.fr\/wp-content\/uploads\/2023\/01\/istockphoto-1180256379-612x612-3.jpg\" class=\"attachment-large size-large wp-image-428\" alt=\"\" srcset=\"https:\/\/jumi-energie.fr\/wp-content\/uploads\/2023\/01\/istockphoto-1180256379-612x612-3.jpg 612w, https:\/\/jumi-energie.fr\/wp-content\/uploads\/2023\/01\/istockphoto-1180256379-612x612-3-300x199.jpg 300w, https:\/\/jumi-energie.fr\/wp-content\/uploads\/2023\/01\/istockphoto-1180256379-612x612-3-91x60.jpg 91w\" sizes=\"auto, (max-width: 612px) 100vw, 612px\" \/>\t\t\t\t\t\t\t\t\t\t\t\t\t\t\t<\/div>\n\t\t\t\t<\/div>\n\t\t\t\t\t<\/div>\n\t\t<\/div>\n\t\t\t\t\t\t\t<\/div>\n\t\t<\/section>\n\t\t\t\t<section class=\"elementor-section elementor-top-section elementor-element elementor-element-f2a1c6a elementor-section-boxed elementor-section-height-default elementor-section-height-default\" data-id=\"f2a1c6a\" data-element_type=\"section\">\n\t\t\t\t\t\t<div class=\"elementor-container elementor-column-gap-default\">\n\t\t\t\t\t<div class=\"elementor-column elementor-col-100 elementor-top-column elementor-element elementor-element-21f1be1\" data-id=\"21f1be1\" data-element_type=\"column\">\n\t\t\t<div class=\"elementor-widget-wrap elementor-element-populated\">\n\t\t\t\t\t\t\t\t<div class=\"elementor-element elementor-element-1739115 elementor-widget elementor-widget-spacer\" data-id=\"1739115\" data-element_type=\"widget\" data-widget_type=\"spacer.default\">\n\t\t\t\t<div class=\"elementor-widget-container\">\n\t\t\t\t\t<div class=\"elementor-spacer\">\n\t\t\t<div class=\"elementor-spacer-inner\"><\/div>\n\t\t<\/div>\n\t\t\t\t<\/div>\n\t\t\t\t<\/div>\n\t\t\t\t\t<\/div>\n\t\t<\/div>\n\t\t\t\t\t\t\t<\/div>\n\t\t<\/section>\n\t\t\t\t\t\t\t<\/div>\n\t\t","protected":false},"excerpt":{"rendered":"<p>INFORMATIONS S\u00e9ances individuelles en pr\u00e9sence et \u00e0 distance.\u00a0 S\u00e9ances individuelles ou ateliers en entreprise adapt\u00e9s au milieu professionnel. Intervenante pour la Qualit\u00e9 de Vie au Travail. S\u00e9ances individuelles ou ateliers &hellip; <\/p>\n","protected":false},"author":1,"featured_media":453,"parent":0,"menu_order":0,"comment_status":"closed","ping_status":"closed","template":"","meta":{"footnotes":""},"class_list":["post-10","page","type-page","status-publish","has-post-thumbnail","hentry"],"_links":{"self":[{"href":"https:\/\/jumi-energie.fr\/index.php\/wp-json\/wp\/v2\/pages\/10","targetHints":{"allow":["GET"]}}],"collection":[{"href":"https:\/\/jumi-energie.fr\/index.php\/wp-json\/wp\/v2\/pages"}],"about":[{"href":"https:\/\/jumi-energie.fr\/index.php\/wp-json\/wp\/v2\/types\/page"}],"author":[{"embeddable":true,"href":"https:\/\/jumi-energie.fr\/index.php\/wp-json\/wp\/v2\/users\/1"}],"replies":[{"embeddable":true,"href":"https:\/\/jumi-energie.fr\/index.php\/wp-json\/wp\/v2\/comments?post=10"}],"version-history":[{"count":57,"href":"https:\/\/jumi-energie.fr\/index.php\/wp-json\/wp\/v2\/pages\/10\/revisions"}],"predecessor-version":[{"id":852,"href":"https:\/\/jumi-energie.fr\/index.php\/wp-json\/wp\/v2\/pages\/10\/revisions\/852"}],"wp:featuredmedia":[{"embeddable":true,"href":"https:\/\/jumi-energie.fr\/index.php\/wp-json\/wp\/v2\/media\/453"}],"wp:attachment":[{"href":"https:\/\/jumi-energie.fr\/index.php\/wp-json\/wp\/v2\/media?parent=10"}],"curies":[{"name":"wp","href":"https:\/\/api.w.org\/{rel}","templated":true}]}}